{"id":99,"date":"2015-07-29T18:27:41","date_gmt":"2015-07-29T16:27:41","guid":{"rendered":"http:\/\/sense-emotion.de\/?page_id=99"},"modified":"2017-01-11T05:33:02","modified_gmt":"2017-01-11T04:33:02","slug":"konsortium","status":"publish","type":"page","link":"https:\/\/www.sense-emotion.de\/?page_id=99","title":{"rendered":"Konsortium"},"content":{"rendered":"<div style=\"padding-top: 36px;\"><\/div>\n<div style=\"float: left; width: 60%;\">\n<h3><strong><a href=\"http:\/\/www.uni-augsburg.de\" target=\"_blank\">Universit\u00e4t Augsburg<\/a><\/strong><\/h3>\n<h6><strong><a href=\"http:\/\/www.informatik.uni-augsburg.de\/de\/\" target=\"_blank\">Institut f\u00fcr Informatik<\/a><\/strong><br \/>\n<strong> <a href=\"http:\/\/www.informatik.uni-augsburg.de\/lehrstuehle\/hcm\/news\/\" target=\"_blank\">Lehrstuhl\u00a0Multimodale Mensch-Technik-Interaktion<\/a><\/strong><\/h6>\n<h6>Prof. Dr. Elisabeth Andr\u00e9 \u00a0 \u00a0\u00a0(Projektleiterin)<\/h6>\n<\/div>\n<div style=\"float: right; width: 40%;\">\n<p><img loading=\"lazy\" decoding=\"async\" class=\"aligncenter wp-image-287\" src=\"http:\/\/sense-emotion.de\/wp-content\/uploads\/2015\/08\/UniLogo.png\" alt=\"UniLogo\" width=\"212\" height=\"77\" \/><\/p>\n<\/div>\n<h4><\/h4>\n<hr \/>\n<h4><\/h4>\n<h4><\/h4>\n<div style=\"padding-top: 20px;\"><\/div>\n<div style=\"float: left; width: 60%;\">\n<h3><strong><a href=\"http:\/\/www.uniklinik-ulm.de\" target=\"_blank\">Universit\u00e4tsklinikum Ulm<\/a><\/strong><\/h3>\n<h6><strong><a href=\"http:\/\/www.uniklinik-ulm.de\/struktur\/kliniken\/psychosomatische-medizin-und-psychotherapie\/home\/sektionnbspmedizinische-psychologie.html\" target=\"_blank\">Sektion Medizinische Psychologie<\/a><\/strong><\/h6>\n<h6>Prof. Dr. Harald C. Traue<br \/>\nDr. Steffen Walter<\/h6>\n<\/div>\n<div style=\"float: right; width: 40%;\">\n<div style=\"padding-top: 36px;\"><img loading=\"lazy\" decoding=\"async\" class=\" wp-image-368 aligncenter\" src=\"http:\/\/sense-emotion.de\/wp-content\/uploads\/2015\/08\/Uniklinik_Ulm.png\" alt=\"Uniklinik_Ulm\" width=\"261\" height=\"66\" \/><\/div>\n<\/div>\n<h4><\/h4>\n<hr \/>\n<h4><\/h4>\n<div style=\"padding-top: 20px;\"><\/div>\n<div style=\"float: left; width: 55%;\">\n<h3><strong><a href=\"https:\/\/www.uni-ulm.de\" target=\"_blank\">Universit\u00e4t Ulm<\/a><\/strong><\/h3>\n<h6><strong><a href=\"http:\/\/www.uni-ulm.de\/in\/neuroinformatik.html\" target=\"_blank\">Institut f\u00fcr Neuroinformatik<\/a><\/strong><\/h6>\n<h6>Prof. Dr. Heiko Neumann<br \/>\nPD Dr. Friedhelm Schwenker<\/h6>\n<h6><strong><a href=\"http:\/\/www.uni-ulm.de\/in\/mi.html\" target=\"_blank\">Institut f\u00fcr MedienInformatik<\/a><\/strong><\/h6>\n<h6>Prof. Dr. Enrico Rukzio<\/h6>\n<\/div>\n<div style=\"float: right; width: 45%;\">\n<div style=\"padding-top: 46px;\"><\/div>\n<p><img loading=\"lazy\" decoding=\"async\" class=\"aligncenter wp-image-305\" src=\"http:\/\/sense-emotion.de\/wp-content\/uploads\/2015\/08\/Uni_ulm_logo.png\" alt=\"Uni_ulm_logo\" width=\"351\" height=\"68\" \/><\/p>\n<\/div>\n<h4><\/h4>\n<hr \/>\n<h4><\/h4>\n<div style=\"padding-top: 1px;\"><\/div>\n<div style=\"float: left; width: 65%;\">\n<h3><a href=\"http:\/\/www.ust.ac.kr\"><strong>University of Science &amp; Technology<\/strong><\/a><\/h3>\n<h6><a href=\"https:\/\/www.etri.re.kr\/eng\/main\/main.etri\"><strong>Electronics and Telecommunications Research Institute<\/strong><\/a><br \/>\n<a href=\"https:\/\/www.etri.re.kr\/eng\/main\/main.etri\">Dept. Computer Software<\/a><\/h6>\n<h6>Prof. Dr. Jonghwa Kim \u00a0 \u00a0\u00a0<em>(Ehemaliger Projektleiter)<\/em><\/h6>\n<\/div>\n<div style=\"float: right; width: 35%;\">\n<div style=\"padding-top: 20px;\"><img loading=\"lazy\" decoding=\"async\" class=\"aligncenter wp-image-296\" src=\"http:\/\/www.sense-emotion.de\/wp-content\/uploads\/2015\/07\/UST_Logo2.jpg\" width=\"205\" height=\"108\" srcset=\"https:\/\/www.sense-emotion.de\/wp-content\/uploads\/2015\/07\/UST_Logo2.jpg 538w, https:\/\/www.sense-emotion.de\/wp-content\/uploads\/2015\/07\/UST_Logo2-300x158.jpg 300w\" sizes=\"auto, (max-width: 205px) 100vw, 205px\" \/><\/div>\n<\/div>\n","protected":false},"excerpt":{"rendered":"<p>Universit\u00e4t Augsburg Institut f\u00fcr Informatik Lehrstuhl\u00a0Multimodale Mensch-Technik-Interaktion Prof. Dr. Elisabeth Andr\u00e9 \u00a0 \u00a0\u00a0(Projektleiterin) Universit\u00e4tsklinikum Ulm Sektion Medizinische Psychologie Prof. Dr. Harald C. Traue Dr. Steffen Walter Universit\u00e4t Ulm Institut f\u00fcr Neuroinformatik Prof. Dr. Heiko Neumann PD Dr. Friedhelm Schwenker Institut f\u00fcr MedienInformatik Prof. Dr. Enrico Rukzio University of Science &amp; Technology Electronics and Telecommunications Research&#8230;<\/p>\n","protected":false},"author":3,"featured_media":0,"parent":0,"menu_order":0,"comment_status":"closed","ping_status":"closed","template":"","meta":{"footnotes":""},"class_list":["post-99","page","type-page","status-publish","hentry"],"_links":{"self":[{"href":"https:\/\/www.sense-emotion.de\/index.php?rest_route=\/wp\/v2\/pages\/99","targetHints":{"allow":["GET"]}}],"collection":[{"href":"https:\/\/www.sense-emotion.de\/index.php?rest_route=\/wp\/v2\/pages"}],"about":[{"href":"https:\/\/www.sense-emotion.de\/index.php?rest_route=\/wp\/v2\/types\/page"}],"author":[{"embeddable":true,"href":"https:\/\/www.sense-emotion.de\/index.php?rest_route=\/wp\/v2\/users\/3"}],"replies":[{"embeddable":true,"href":"https:\/\/www.sense-emotion.de\/index.php?rest_route=%2Fwp%2Fv2%2Fcomments&post=99"}],"version-history":[{"count":11,"href":"https:\/\/www.sense-emotion.de\/index.php?rest_route=\/wp\/v2\/pages\/99\/revisions"}],"predecessor-version":[{"id":298,"href":"https:\/\/www.sense-emotion.de\/index.php?rest_route=\/wp\/v2\/pages\/99\/revisions\/298"}],"wp:attachment":[{"href":"https:\/\/www.sense-emotion.de\/index.php?rest_route=%2Fwp%2Fv2%2Fmedia&parent=99"}],"curies":[{"name":"wp","href":"https:\/\/api.w.org\/{rel}","templated":true}]}}